{"id":4608,"date":"2023-03-23T16:35:30","date_gmt":"2023-03-23T15:35:30","guid":{"rendered":"https:\/\/maisonvindt.com\/product\/saty-rebecca\/"},"modified":"2023-03-23T16:35:30","modified_gmt":"2023-03-23T15:35:30","slug":"saty-rebecca","status":"publish","type":"product","link":"https:\/\/maisonvindt.com\/cs\/produkt\/saty-rebecca\/","title":{"rendered":"\u0160aty REBECCA"},"content":{"rendered":"<p>Ko\u0161ilov\u00e9 \u0161aty s kapsami a d\u00e9lkou nad kolena se zap\u00ednaj\u00ed pod krkem. Maj\u00ed kr\u00e1sn\u00fd l\u00edmec a \u010derven\u00e9 knofl\u00edky po cel\u00e9 d\u00e9lce. Py\u0161n\u00ed se extravagantn\u00edmi ruk\u00e1vy z punt\u00edkovan\u00e9ho tylu, kter\u00e9 jsou zakon\u010den\u00e9 velkou man\u017eetou a zdoben\u00e9 t\u0159pytiv\u00fdmi knofl\u00edky v barv\u011b \u0161at\u016f. Pro pohodln\u00e9 kojen\u00ed jsme do \u0161v\u016f vlo\u017eili neviditeln\u00e9 zipy. \u0160aty maj\u00ed \u00e1\u010dkov\u00fd st\u0159ih a na\u0159asenou sukni. Pro zv\u00fdrazn\u011bn\u00ed siluety p\u0159id\u00e1me tenk\u00fd p\u00e1sek.<\/p>\n","protected":false},"excerpt":{"rendered":"<p>Ko\u0161ilov\u00e9 \u0161aty s kapsami a d\u00e9lkou nad kolena se zap\u00ednaj\u00ed pod krkem. Maj\u00ed kr\u00e1sn\u00fd l\u00edmec a \u010derven\u00e9 knofl\u00edky po cel\u00e9 d\u00e9lce. Py\u0161n\u00ed se extravagantn\u00edmi ruk\u00e1vy z punt\u00edkovan\u00e9ho tylu, kter\u00e9 jsou zakon\u010den\u00e9 velkou man\u017eetou a zdoben\u00e9 t\u0159pytiv\u00fdmi knofl\u00edky v barv\u011b \u0161at\u016f. Pro pohodln\u00e9 kojen\u00ed jsme do \u0161v\u016f vlo\u017eili neviditeln\u00e9 zipy. \u0160aty maj\u00ed \u00e1\u010dkov\u00fd st\u0159ih a na\u0159asenou [&hellip;]<\/p>\n","protected":false},"featured_media":4610,"comment_status":"closed","ping_status":"closed","template":"","meta":{"_acf_changed":false},"product_cat":[169],"product_tag":[],"class_list":{"0":"post-4608","1":"product","2":"type-product","3":"status-publish","4":"has-post-thumbnail","6":"product_cat-saty-cs-2","8":"first","9":"instock","10":"taxable","11":"shipping-taxable","12":"purchasable","13":"product-type-simple"},"acf":[],"_links":{"self":[{"href":"https:\/\/maisonvindt.com\/cs\/wp-json\/wp\/v2\/product\/4608"}],"collection":[{"href":"https:\/\/maisonvindt.com\/cs\/wp-json\/wp\/v2\/product"}],"about":[{"href":"https:\/\/maisonvindt.com\/cs\/wp-json\/wp\/v2\/types\/product"}],"replies":[{"embeddable":true,"href":"https:\/\/maisonvindt.com\/cs\/wp-json\/wp\/v2\/comments?post=4608"}],"wp:featuredmedia":[{"embeddable":true,"href":"https:\/\/maisonvindt.com\/cs\/wp-json\/wp\/v2\/media\/4610"}],"wp:attachment":[{"href":"https:\/\/maisonvindt.com\/cs\/wp-json\/wp\/v2\/media?parent=4608"}],"wp:term":[{"taxonomy":"product_cat","embeddable":true,"href":"https:\/\/maisonvindt.com\/cs\/wp-json\/wp\/v2\/product_cat?post=4608"},{"taxonomy":"product_tag","embeddable":true,"href":"https:\/\/maisonvindt.com\/cs\/wp-json\/wp\/v2\/product_tag?post=4608"}],"curies":[{"name":"wp","href":"https:\/\/api.w.org\/{rel}","templated":true}]}}