{"id":4624,"date":"2023-03-23T16:35:30","date_gmt":"2023-03-23T15:35:30","guid":{"rendered":"https:\/\/maisonvindt.com\/product\/marry-j-set\/"},"modified":"2023-03-23T16:35:30","modified_gmt":"2023-03-23T15:35:30","slug":"marry-j-set","status":"publish","type":"product","link":"https:\/\/maisonvindt.com\/cs\/produkt\/marry-j-set\/","title":{"rendered":"MARRY J set"},"content":{"rendered":"<p>Model Merry J se skl\u00e1d\u00e1 z halenky a pohodln\u00fdch \u0161ortek. L\u00edmec zdoben\u00fd \u010dern\u00fdmi perle\u0165ov\u00fdmi knofl\u00edky zaujme na prvn\u00ed pohled. Nikdo si v\u0161ak nev\u0161imne, \u017ee pod n\u00ed jsou v\u0161it\u00e9 zipy na kojen\u00ed. Takto m\u016f\u017eete vypadat \u017eensky a elegantn\u011b i b\u011bhem kojen\u00ed. \u0160ortky s kapsami jsou stylov\u00e9 i praktick\u00e9, nap\u0159\u00edklad p\u0159i b\u011bh\u00e1n\u00ed za batoletem. Ka\u017ed\u00fd kousek Marry J je poctiv\u011b ru\u010dn\u011b vyroben pro co nejpohodln\u011bj\u0161\u00ed no\u0161en\u00ed.<\/p>\n","protected":false},"excerpt":{"rendered":"<p>Model Merry J se skl\u00e1d\u00e1 z halenky a pohodln\u00fdch \u0161ortek. L\u00edmec zdoben\u00fd \u010dern\u00fdmi perle\u0165ov\u00fdmi knofl\u00edky zaujme na prvn\u00ed pohled. Nikdo si v\u0161ak nev\u0161imne, \u017ee pod n\u00ed jsou v\u0161it\u00e9 zipy na kojen\u00ed. Takto m\u016f\u017eete vypadat \u017eensky a elegantn\u011b i b\u011bhem kojen\u00ed. \u0160ortky s kapsami jsou stylov\u00e9 i praktick\u00e9, nap\u0159\u00edklad p\u0159i b\u011bh\u00e1n\u00ed za batoletem. Ka\u017ed\u00fd kousek Marry [&hellip;]<\/p>\n","protected":false},"featured_media":4626,"comment_status":"closed","ping_status":"closed","template":"","meta":{"_acf_changed":false},"product_cat":[199],"product_tag":[],"class_list":{"0":"post-4624","1":"product","2":"type-product","3":"status-publish","4":"has-post-thumbnail","6":"product_cat-sady","8":"first","9":"instock","10":"taxable","11":"shipping-taxable","12":"purchasable","13":"product-type-variable"},"acf":[],"_links":{"self":[{"href":"https:\/\/maisonvindt.com\/cs\/wp-json\/wp\/v2\/product\/4624"}],"collection":[{"href":"https:\/\/maisonvindt.com\/cs\/wp-json\/wp\/v2\/product"}],"about":[{"href":"https:\/\/maisonvindt.com\/cs\/wp-json\/wp\/v2\/types\/product"}],"replies":[{"embeddable":true,"href":"https:\/\/maisonvindt.com\/cs\/wp-json\/wp\/v2\/comments?post=4624"}],"wp:featuredmedia":[{"embeddable":true,"href":"https:\/\/maisonvindt.com\/cs\/wp-json\/wp\/v2\/media\/4626"}],"wp:attachment":[{"href":"https:\/\/maisonvindt.com\/cs\/wp-json\/wp\/v2\/media?parent=4624"}],"wp:term":[{"taxonomy":"product_cat","embeddable":true,"href":"https:\/\/maisonvindt.com\/cs\/wp-json\/wp\/v2\/product_cat?post=4624"},{"taxonomy":"product_tag","embeddable":true,"href":"https:\/\/maisonvindt.com\/cs\/wp-json\/wp\/v2\/product_tag?post=4624"}],"curies":[{"name":"wp","href":"https:\/\/api.w.org\/{rel}","templated":true}]}}