{"id":3702,"date":"2023-12-18T16:40:06","date_gmt":"2023-12-18T15:40:06","guid":{"rendered":"https:\/\/maisonvindt.com\/?post_type=product&#038;p=3702"},"modified":"2026-02-19T10:15:51","modified_gmt":"2026-02-19T09:15:51","slug":"white-t-shirt","status":"publish","type":"product","link":"https:\/\/maisonvindt.com\/en\/produkt\/white-t-shirt\/","title":{"rendered":"White T-shirt"},"content":{"rendered":"<p>Vytvorte si vlastn\u00fd jedine\u010dn\u00fd k\u00fasok s bielym tri\u010dkom z bio bavlny. Toto tri\u010dko je pl\u00e1tnom pre va\u0161u kreativitu &#8211; nechate si poma\u013eova\u0165 svoje prsia ru\u017eovou fixou a vyjadrite svoju osobnos\u0165. Skvel\u00fd sp\u00f4sob, ako ozvl\u00e1\u0161tni\u0165 svoj \u0161atn\u00edk. Vytvorte si \u0161t\u00fdl, ktor\u00fd je len v\u00e1\u0161!<\/p>\n<p>Dostupn\u00e9 ve\u013ekosti S, M<\/p>\n<p>&nbsp;<\/p>\n","protected":false},"excerpt":{"rendered":"<p>Vytvorte si vlastn\u00fd jedine\u010dn\u00fd k\u00fasok s bielym tri\u010dkom z bio bavlny. Toto tri\u010dko je pl\u00e1tnom pre va\u0161u kreativitu &#8211; nechate si poma\u013eova\u0165 svoje prsia ru\u017eovou fixou a vyjadrite svoju osobnos\u0165. Skvel\u00fd sp\u00f4sob, ako ozvl\u00e1\u0161tni\u0165 svoj \u0161atn\u00edk. Vytvorte si \u0161t\u00fdl, ktor\u00fd je len v\u00e1\u0161! Dostupn\u00e9 ve\u013ekosti S, M &nbsp;<\/p>\n","protected":false},"featured_media":4642,"comment_status":"open","ping_status":"closed","template":"","meta":{"_acf_changed":false},"product_cat":[82],"product_tag":[],"class_list":{"0":"post-3702","1":"product","2":"type-product","3":"status-publish","4":"has-post-thumbnail","6":"product_cat-doplnky","8":"first","9":"instock","10":"taxable","11":"shipping-taxable","12":"purchasable","13":"product-type-simple"},"acf":[],"_links":{"self":[{"href":"https:\/\/maisonvindt.com\/en\/wp-json\/wp\/v2\/product\/3702"}],"collection":[{"href":"https:\/\/maisonvindt.com\/en\/wp-json\/wp\/v2\/product"}],"about":[{"href":"https:\/\/maisonvindt.com\/en\/wp-json\/wp\/v2\/types\/product"}],"replies":[{"embeddable":true,"href":"https:\/\/maisonvindt.com\/en\/wp-json\/wp\/v2\/comments?post=3702"}],"wp:featuredmedia":[{"embeddable":true,"href":"https:\/\/maisonvindt.com\/en\/wp-json\/wp\/v2\/media\/4642"}],"wp:attachment":[{"href":"https:\/\/maisonvindt.com\/en\/wp-json\/wp\/v2\/media?parent=3702"}],"wp:term":[{"taxonomy":"product_cat","embeddable":true,"href":"https:\/\/maisonvindt.com\/en\/wp-json\/wp\/v2\/product_cat?post=3702"},{"taxonomy":"product_tag","embeddable":true,"href":"https:\/\/maisonvindt.com\/en\/wp-json\/wp\/v2\/product_tag?post=3702"}],"curies":[{"name":"wp","href":"https:\/\/api.w.org\/{rel}","templated":true}]}}